{"id":1248,"date":"2025-08-15T10:57:19","date_gmt":"2025-08-15T10:57:19","guid":{"rendered":"https:\/\/haithuangroup.com\/?post_type=product&#038;p=1248"},"modified":"2025-10-21T15:20:17","modified_gmt":"2025-10-21T15:20:17","slug":"durian-monthong","status":"publish","type":"product","link":"https:\/\/haithuangroup.com\/vi\/san-pham\/durian-monthong\/","title":{"rendered":"S\u1ea7u ri\u00eang Monthong (Th\u00e1i)"},"content":{"rendered":"<p style=\"font-size: 1.05em;\">Monthong Durian is a tropical fruit native to Southeast Asia, highly valued for its rich, creamy flesh. This large fruit has a unique, thorn-covered husk. Its flavor is a complex blend of sweet, savory, and nutty notes, often described as a mix of caramel, almond, and cream cheese. The fruit&#8217;s texture is thick and custardy, with a distinct fibrous quality. It&#8217;s a rich source of vitamins, minerals, and healthy fats. It&#8217;s eaten fresh, but is also used in various confections, including candies, ice creams, and traditional sweets.<\/p>\n<p style=\"font-size: 1.05em;\">Vietnam is one of the major durian exporter. The fruit has a short season, which make it a highly anticipated delicacy.<\/p>\n<p style=\"font-size: 1.05em;\">Monthong l\u00e0 gi\u1ed1ng s\u1ea7u ri\u00eang Th\u00e1i Lan \u0111ang \u0111\u01b0\u1ee3c tr\u1ed3ng nhi\u1ec1u \u1edf VI\u1ec7t Nam. S\u1ea7u ri\u00eang Monthong c\u00f3 c\u01a1m t\u1eeb m\u00e0u v\u00e0ng nh\u1ea1t \u0111\u1ebfn cam nh\u1ea1t. M\u00fai s\u1ea7u ri\u00eang ch\u1eafc, tr\u00f2n, m\u1ecbn v\u00e0 kh\u00f4 r\u00e1o. V\u1ecb s\u1ea7u ri\u00eang Monthong ng\u1ecdt v\u00e0 d\u1ecbu h\u01a1n so v\u1edbi c\u00e1c lo\u1ea1i s\u1ea7u ri\u00eang kh\u00e1c, th\u00edch h\u1ee3p v\u1edbi nh\u1eefng ng\u01b0\u1eddi m\u1edbi bi\u1ebft \u0103n s\u1ea7u ri\u00eang.<\/p>\n<h2>Chi ti\u1ebft h\u00e0ng xu\u1ea5t<\/h2><table class=\"product-details-table data-table\"><tbody><tr class=\"product-detail\"><td>M\u00e3 HS<\/td><td><p class=\"list-item\"><strong>08106000<\/strong> - <span>S\u1ea7u ri\u00eang t\u01b0\u01a1i<\/span><\/p><p class=\"list-item\"><strong>08119000<\/strong> - <span>S\u1ea7u ri\u00eang \u0111\u00f4ng l\u1ea1nh<\/span><\/p><\/td><\/tr><tr class=\"product-detail\"><td>T\u00ean h\u00e0ng h\u00f3a<\/td><td class=\"translation-block\"><a class=\"inline-tag\" target=\"_self\">S\u1ea7u ri\u00eang t\u01b0\u01a1i nguy\u00ean tr\u00e1i<\/a><a class=\"inline-tag\" target=\"_self\">S\u1ea7u ri\u00eang \u0111\u00f4ng l\u1ea1nh nguy\u00ean tr\u00e1i<\/a><a class=\"inline-tag\" target=\"_self\">S\u1ea7u ri\u00eang t\u00e1ch m\u00fai nguy\u00ean h\u1ea1t \u0111\u00f4ng l\u1ea1nh<\/a><\/td><\/tr><tr class=\"product-detail\"><td>Xu\u1ea5t x\u1ee9<\/td><td>Vi\u1ec7t Nam<\/td><\/tr><tr class=\"product-detail\"><td>C\u00e1ch ch\u1ebf bi\u1ebfn xu\u1ea5t kh\u1ea9u<\/td><td><a href=\"\/vi\/shop\/?s=&product_tag=whole-fruits+fresh-fruits\" class=\"inline-tag\">T\u01b0\u01a1i nguy\u00ean tr\u00e1i<\/a><a href=\"\/vi\/shop\/?s=&product_tag=whole-fruits+frozen\" class=\"inline-tag\">\u0110\u00f4ng l\u1ea1nh nguy\u00ean tr\u00e1i<\/a><a href=\"\/vi\/shop\/?s=&product_tag=pulp+frozen\" class=\"inline-tag\">T\u00e1ch m\u00fai nguy\u00ean h\u1ea1t \u0111\u00f4ng l\u1ea1nh<\/a><\/td><\/tr><tr class=\"product-detail\"><td>M\u00f4 t\u1ea3 h\u00e0ng<\/td><td><p class=\"list-item\"><strong>T\u01b0\u01a1i nguy\u00ean tr\u00e1i<\/strong> - <span>Thu ho\u1ea1ch khi v\u1eeba ch\u00edn t\u1edbi. V\u1ecf nguy\u00ean v\u1eb9n, kh\u00f4ng b\u1ea7m d\u1eadp, n\u1ee9t, hay b\u1ecb c\u00f4n tr\u00f9ng \u0111\u1ee5c ph\u00e1. \u0110\u00e3 l\u00e0m s\u1ea1ch. \u0110\u00e3 Kh\u1eed tr\u00f9ng.<\/span><\/p><p class=\"list-item\"><strong>\u0110\u00f4ng l\u1ea1nh nguy\u00ean tr\u00e1i<\/strong> - <span>Thu ho\u1ea1ch khi ch\u00edn \u0111\u1ee7. V\u1ecf nguy\u00ean v\u1eb9n, kh\u00f4ng b\u1ea7m d\u1eadp, n\u1ee9t, hay b\u1ecb c\u00f4n tr\u00f9ng \u0111\u1ee5c ph\u00e1. \u0110\u00e3 l\u00e0m s\u1ea1ch. \u0110\u00e3 Kh\u1eed tr\u00f9ng. C\u1ea5p \u0111\u00f4ng nhanh nguy\u00ean tr\u00e1i<\/span><\/p><p class=\"list-item\"><strong>T\u00e1ch m\u00fai nguy\u00ean h\u1ea1t \u0111\u00f4ng l\u1ea1nh<\/strong> - <span>H\u1ea1t ch\u1eafc. M\u00e0u t\u1ed1t. M\u00f9i t\u1ed1t. H\u00fat ch\u00e2n kh\u00f4ng. S\u01a1 ch\u1ebf.<\/span><\/p><\/td><\/tr><tr class=\"product-detail\"><td>D\u01b0 l\u01b0\u1ee3ng thu\u1ed1c b\u1ea3o v\u1ec7 th\u1ef1c v\u1eadt<\/td><td>Kh\u00f4ng<\/td><\/tr><tr class=\"product-detail\"><td>\u0110\u00f3ng g\u00f3i<\/td><td>Theo y\u00eau c\u1ea7u c\u1ee7a b\u00ean nh\u1eadp kh\u1ea9u<\/td><\/tr><tr class=\"product-detail\"><td>L\u01b0u tr\u1eef<\/td><td><p class=\"list-item\"><strong>T\u01b0\u01a1i nguy\u00ean tr\u00e1i<\/strong> - <span>\u0110\u1ebfn 7 ng\u00e0y \u1edf nhi\u1ec7t \u0111\u1ed9 ph\u00f2ng. \u0110\u1ebfn 2 tu\u1ea7n \u1edf 5\u00b0C<\/span><\/p><p class=\"list-item\"><strong>\u0110\u00f4ng l\u1ea1nh nguy\u00ean tr\u00e1i<\/strong> - <span>\u0110\u1ebfn 12 th\u00e1ng \u1edf nhi\u1ec7t \u0111\u1ed9 -18\u00b0C<\/span><\/p><p class=\"list-item\"><strong>T\u00e1ch m\u00fai nguy\u00ean h\u1ea1t \u0111\u00f4ng l\u1ea1nh<\/strong> - <span>\u0110\u1ebfn 4 tu\u1ea7n \u1edf nhi\u1ec7t \u0111\u1ed9 5\u00b0C<\/span><\/p><\/td><\/tr><\/tbody><\/table>","protected":false},"excerpt":{"rendered":"<p>S\u1ea7u ri\u00eang l\u00e0 lo\u1ea1i tr\u00e1i c\u00e2y nhi\u1ec7t \u0111\u1edbi b\u1ea3n \u0111\u1ecba c\u1ee7a \u0110\u00f4ng Nam \u00c1 v\u1edbi nh\u1eefng m\u00fai \u0111\u1eadm \u0111\u00e0, b\u00e9o ng\u1eady. Tr\u00e1i s\u1ea7u ri\u00eang l\u1edbn, ph\u1ee7 \u0111\u1ea7y gai c\u1ee9ng. H\u01b0\u01a1ng v\u1ecb c\u1ee7a s\u1ea7u ri\u00eang c\u00f3 \u0111\u1ea7y \u0111\u1ee7 cung b\u1eadt ng\u1ecdt, b\u00e9o, b\u00f9i. Ng\u01b0\u1eddi ph\u01b0\u01a1ng T\u00e2y th\u01b0\u1eddng v\u00ed n\u00f3 nh\u01b0 s\u1ef1 k\u1ebft h\u1ee3p gi\u1eefa caramel, h\u1ea1nh nh\u00e2n v\u00e0 ph\u00f4-mai t\u01b0\u01a1i. M\u00fai s\u1ea7u ri\u00eang d\u00e0y, m\u1ec1m nh\u01b0 kem tr\u1ee9ng. S\u1ea7u ri\u00eang ch\u1ee9a nhi\u1ec1u vitamin, ch\u1ea5t kho\u00e1ng v\u00e0 ch\u1ea5t b\u00e9o c\u00f3 l\u1ee3i. S\u1ea7u ri\u00eang c\u00f3 th\u1ec3 \u0103n t\u01b0\u01a1i hay d\u00f9ng l\u00e0m nguy\u00ean li\u1ec7u trong c\u00e1c lo\u1ea1i b\u00e1nh k\u1eb9o v\u00e0 kem.<\/p>\n[products-labels]","protected":false},"featured_media":1250,"comment_status":"closed","ping_status":"closed","template":"","meta":{"_gspb_post_css":"","inline_featured_image":false,"site-sidebar-layout":"default","site-content-layout":"","ast-site-content-layout":"default","site-content-style":"default","site-sidebar-style":"default","ast-global-header-display":"","ast-banner-title-visibility":"","ast-main-header-display":"","ast-hfb-above-header-display":"","ast-hfb-below-header-display":"","ast-hfb-mobile-header-display":"","site-post-title":"","ast-breadcrumbs-content":"","ast-featured-img":"","footer-sml-layout":"","theme-transparent-header-meta":"default","adv-header-id-meta":"","stick-header-meta":"default","header-above-stick-meta":"","header-main-stick-meta":"","header-below-stick-meta":"","astra-migrate-meta-layouts":"set","ast-page-background-enabled":"default","ast-page-background-meta":{"desktop":{"background-color":"var(--ast-global-color-5)","background-image":"","background-repeat":"repeat","background-position":"center center","background-size":"auto","background-attachment":"scroll","background-type":"","background-media":"","overlay-type":"","overlay-color":"","overlay-opacity":"","overlay-gradient":""},"tablet":{"background-color":"","background-image":"","background-repeat":"repeat","background-position":"center center","background-size":"auto","background-attachment":"scroll","background-type":"","background-media":"","overlay-type":"","overlay-color":"","overlay-opacity":"","overlay-gradient":""},"mobile":{"background-color":"","background-image":"","background-repeat":"repeat","background-position":"center center","background-size":"auto","background-attachment":"scroll","background-type":"","background-media":"","overlay-type":"","overlay-color":"","overlay-opacity":"","overlay-gradient":""}},"ast-content-background-meta":{"desktop":{"background-color":"var(--ast-global-color-4)","background-image":"","background-repeat":"repeat","background-position":"center center","background-size":"auto","background-attachment":"scroll","background-type":"","background-media":"","overlay-type":"","overlay-color":"","overlay-opacity":"","overlay-gradient":""},"tablet":{"background-color":"var(--ast-global-color-4)","background-image":"","background-repeat":"repeat","background-position":"center center","background-size":"auto","background-attachment":"scroll","background-type":"","background-media":"","overlay-type":"","overlay-color":"","overlay-opacity":"","overlay-gradient":""},"mobile":{"background-color":"var(--ast-global-color-4)","background-image":"","background-repeat":"repeat","background-position":"center center","background-size":"auto","background-attachment":"scroll","background-type":"","background-media":"","overlay-type":"","overlay-color":"","overlay-opacity":"","overlay-gradient":""}}},"product_brand":[],"product_cat":[57,29,58],"product_tag":[59,31,61,64,60,62,32,63,35],"class_list":{"0":"post-1248","1":"product","2":"type-product","3":"status-publish","4":"has-post-thumbnail","6":"product_cat-durians","7":"product_cat-fresh-fruits","8":"product_cat-frozen-fruits","9":"product_tag-durians","10":"product_tag-fresh-fruits","11":"product_tag-frozen","12":"product_tag-globalgap","13":"product_tag-monthong-durian","14":"product_tag-pulp","15":"product_tag-unprocessed","16":"product_tag-vietgap","17":"product_tag-whole-fruits","18":"desktop-align-center","19":"tablet-align-left","20":"mobile-align-left","21":"ast-product-gallery-layout-horizontal-slider","22":"ast-product-gallery-with-no-image","23":"ast-product-tabs-layout-horizontal","25":"first","26":"onbackorder","27":"taxable","28":"shipping-taxable","29":"product-type-simple"},"yoast_head":"<!-- This site is optimized with the Yoast SEO plugin v26.8 - https:\/\/yoast.com\/product\/yoast-seo-wordpress\/ -->\n<title>Monthong Durian - H\u1ea2I THU\u1eacN GROUP<\/title>\n<meta name=\"description\" content=\"Monthong Durian is a tropical fruit native to Southeast Asia, highly valued for its rich, creamy flesh. This large fruit has a unique, thorn-covered husk.\" \/>\n<meta name=\"robots\" content=\"index, follow, max-snippet:-1, max-image-preview:large, max-video-preview:-1\" \/>\n<link rel=\"canonical\" href=\"https:\/\/haithuangroup.com\/vi\/san-pham\/durian-monthong\/\" \/>\n<meta property=\"og:locale\" content=\"vi_VN\" \/>\n<meta property=\"og:type\" content=\"article\" \/>\n<meta property=\"og:title\" content=\"Monthong Durian - H\u1ea2I THU\u1eacN GROUP\" \/>\n<meta property=\"og:description\" content=\"Monthong Durian is a tropical fruit native to Southeast Asia, highly valued for its rich, creamy flesh. This large fruit has a unique, thorn-covered husk.\" \/>\n<meta property=\"og:url\" content=\"https:\/\/haithuangroup.com\/vi\/san-pham\/durian-monthong\/\" \/>\n<meta property=\"og:site_name\" content=\"H\u1ea2I THU\u1eacN GROUP\" \/>\n<meta property=\"article:modified_time\" content=\"2025-10-21T15:20:17+00:00\" \/>\n<meta property=\"og:image\" content=\"https:\/\/haithuangroup.com\/wp-content\/uploads\/Durian-Monthong.jpg\" \/>\n\t<meta property=\"og:image:width\" content=\"1330\" \/>\n\t<meta property=\"og:image:height\" content=\"1330\" \/>\n\t<meta property=\"og:image:type\" content=\"image\/jpeg\" \/>\n<meta name=\"twitter:card\" content=\"summary_large_image\" \/>\n<meta name=\"twitter:label1\" content=\"\u01af\u1edbc t\u00ednh th\u1eddi gian \u0111\u1ecdc\" \/>\n\t<meta name=\"twitter:data1\" content=\"1 ph\u00fat\" \/>\n<script type=\"application\/ld+json\" class=\"yoast-schema-graph\">{\"@context\":\"https:\/\/schema.org\",\"@graph\":[{\"@type\":\"WebPage\",\"@id\":\"https:\/\/haithuangroup.com\/product\/durian-monthong\/\",\"url\":\"https:\/\/haithuangroup.com\/product\/durian-monthong\/\",\"name\":\"Monthong Durian - H\u1ea2I THU\u1eacN GROUP\",\"isPartOf\":{\"@id\":\"https:\/\/haithuangroup.com\/#website\"},\"primaryImageOfPage\":{\"@id\":\"https:\/\/haithuangroup.com\/product\/durian-monthong\/#primaryimage\"},\"image\":{\"@id\":\"https:\/\/haithuangroup.com\/product\/durian-monthong\/#primaryimage\"},\"thumbnailUrl\":\"https:\/\/haithuangroup.com\/wp-content\/uploads\/Durian-Monthong.jpg\",\"datePublished\":\"2025-08-15T10:57:19+00:00\",\"dateModified\":\"2025-10-21T15:20:17+00:00\",\"description\":\"Monthong Durian is a tropical fruit native to Southeast Asia, highly valued for its rich, creamy flesh. This large fruit has a unique, thorn-covered husk.\",\"breadcrumb\":{\"@id\":\"https:\/\/haithuangroup.com\/product\/durian-monthong\/#breadcrumb\"},\"inLanguage\":\"vi\",\"potentialAction\":[{\"@type\":\"ReadAction\",\"target\":[\"https:\/\/haithuangroup.com\/product\/durian-monthong\/\"]}]},{\"@type\":\"ImageObject\",\"inLanguage\":\"vi\",\"@id\":\"https:\/\/haithuangroup.com\/product\/durian-monthong\/#primaryimage\",\"url\":\"https:\/\/haithuangroup.com\/wp-content\/uploads\/Durian-Monthong.jpg\",\"contentUrl\":\"https:\/\/haithuangroup.com\/wp-content\/uploads\/Durian-Monthong.jpg\",\"width\":1330,\"height\":1330,\"caption\":\"Monthong Durian\"},{\"@type\":\"BreadcrumbList\",\"@id\":\"https:\/\/haithuangroup.com\/product\/durian-monthong\/#breadcrumb\",\"itemListElement\":[{\"@type\":\"ListItem\",\"position\":1,\"name\":\"Trang ch\u1ee7\",\"item\":\"https:\/\/haithuangroup.com\/\"},{\"@type\":\"ListItem\",\"position\":2,\"name\":\"Our Exports\",\"item\":\"https:\/\/haithuangroup.com\/shop\/\"},{\"@type\":\"ListItem\",\"position\":3,\"name\":\"Monthong Durian\"}]},{\"@type\":\"WebSite\",\"@id\":\"https:\/\/haithuangroup.com\/#website\",\"url\":\"https:\/\/haithuangroup.com\/\",\"name\":\"H\u1ea2I THU\u1eacN GROUP\",\"description\":\"Vietnam Agricultural Products Exporter\",\"publisher\":{\"@id\":\"https:\/\/haithuangroup.com\/#organization\"},\"potentialAction\":[{\"@type\":\"SearchAction\",\"target\":{\"@type\":\"EntryPoint\",\"urlTemplate\":\"https:\/\/haithuangroup.com\/?s={search_term_string}\"},\"query-input\":{\"@type\":\"PropertyValueSpecification\",\"valueRequired\":true,\"valueName\":\"search_term_string\"}}],\"inLanguage\":\"vi\"},{\"@type\":\"Organization\",\"@id\":\"https:\/\/haithuangroup.com\/#organization\",\"name\":\"H\u1ea2I THU\u1eacN GROUP\",\"url\":\"https:\/\/haithuangroup.com\/\",\"logo\":{\"@type\":\"ImageObject\",\"inLanguage\":\"vi\",\"@id\":\"https:\/\/haithuangroup.com\/#\/schema\/logo\/image\/\",\"url\":\"https:\/\/haithuangroup.com\/wp-content\/uploads\/Logo_Logo-Icon.svg\",\"contentUrl\":\"https:\/\/haithuangroup.com\/wp-content\/uploads\/Logo_Logo-Icon.svg\",\"caption\":\"H\u1ea2I THU\u1eacN GROUP\"},\"image\":{\"@id\":\"https:\/\/haithuangroup.com\/#\/schema\/logo\/image\/\"}}]}<\/script>\n<!-- \/ Yoast SEO plugin. -->","yoast_head_json":{"title":"Monthong Durian - H\u1ea2I THU\u1eacN GROUP","description":"Monthong Durian is a tropical fruit native to Southeast Asia, highly valued for its rich, creamy flesh. This large fruit has a unique, thorn-covered husk.","robots":{"index":"index","follow":"follow","max-snippet":"max-snippet:-1","max-image-preview":"max-image-preview:large","max-video-preview":"max-video-preview:-1"},"canonical":"https:\/\/haithuangroup.com\/vi\/san-pham\/durian-monthong\/","og_locale":"vi_VN","og_type":"article","og_title":"Monthong Durian - H\u1ea2I THU\u1eacN GROUP","og_description":"Monthong Durian is a tropical fruit native to Southeast Asia, highly valued for its rich, creamy flesh. This large fruit has a unique, thorn-covered husk.","og_url":"https:\/\/haithuangroup.com\/vi\/san-pham\/durian-monthong\/","og_site_name":"H\u1ea2I THU\u1eacN GROUP","article_modified_time":"2025-10-21T15:20:17+00:00","og_image":[{"width":1330,"height":1330,"url":"https:\/\/haithuangroup.com\/wp-content\/uploads\/Durian-Monthong.jpg","type":"image\/jpeg"}],"twitter_card":"summary_large_image","twitter_misc":{"\u01af\u1edbc t\u00ednh th\u1eddi gian \u0111\u1ecdc":"1 ph\u00fat"},"schema":{"@context":"https:\/\/schema.org","@graph":[{"@type":"WebPage","@id":"https:\/\/haithuangroup.com\/product\/durian-monthong\/","url":"https:\/\/haithuangroup.com\/product\/durian-monthong\/","name":"Monthong Durian - H\u1ea2I THU\u1eacN GROUP","isPartOf":{"@id":"https:\/\/haithuangroup.com\/#website"},"primaryImageOfPage":{"@id":"https:\/\/haithuangroup.com\/product\/durian-monthong\/#primaryimage"},"image":{"@id":"https:\/\/haithuangroup.com\/product\/durian-monthong\/#primaryimage"},"thumbnailUrl":"https:\/\/haithuangroup.com\/wp-content\/uploads\/Durian-Monthong.jpg","datePublished":"2025-08-15T10:57:19+00:00","dateModified":"2025-10-21T15:20:17+00:00","description":"Monthong Durian is a tropical fruit native to Southeast Asia, highly valued for its rich, creamy flesh. This large fruit has a unique, thorn-covered husk.","breadcrumb":{"@id":"https:\/\/haithuangroup.com\/product\/durian-monthong\/#breadcrumb"},"inLanguage":"vi","potentialAction":[{"@type":"ReadAction","target":["https:\/\/haithuangroup.com\/product\/durian-monthong\/"]}]},{"@type":"ImageObject","inLanguage":"vi","@id":"https:\/\/haithuangroup.com\/product\/durian-monthong\/#primaryimage","url":"https:\/\/haithuangroup.com\/wp-content\/uploads\/Durian-Monthong.jpg","contentUrl":"https:\/\/haithuangroup.com\/wp-content\/uploads\/Durian-Monthong.jpg","width":1330,"height":1330,"caption":"Monthong Durian"},{"@type":"BreadcrumbList","@id":"https:\/\/haithuangroup.com\/product\/durian-monthong\/#breadcrumb","itemListElement":[{"@type":"ListItem","position":1,"name":"Trang ch\u1ee7","item":"https:\/\/haithuangroup.com\/"},{"@type":"ListItem","position":2,"name":"Our Exports","item":"https:\/\/haithuangroup.com\/shop\/"},{"@type":"ListItem","position":3,"name":"Monthong Durian"}]},{"@type":"WebSite","@id":"https:\/\/haithuangroup.com\/#website","url":"https:\/\/haithuangroup.com\/","name":"H\u1ea2I THU\u1eacN GROUP","description":"Nh\u00e0 xu\u1ea5t kh\u1ea9u n\u00f4ng s\u1ea3n Vi\u1ec7t Nam","publisher":{"@id":"https:\/\/haithuangroup.com\/#organization"},"potentialAction":[{"@type":"SearchAction","target":{"@type":"EntryPoint","urlTemplate":"https:\/\/haithuangroup.com\/?s={search_term_string}"},"query-input":{"@type":"PropertyValueSpecification","valueRequired":true,"valueName":"search_term_string"}}],"inLanguage":"vi"},{"@type":"Organization","@id":"https:\/\/haithuangroup.com\/#organization","name":"H\u1ea2I THU\u1eacN GROUP","url":"https:\/\/haithuangroup.com\/","logo":{"@type":"ImageObject","inLanguage":"vi","@id":"https:\/\/haithuangroup.com\/#\/schema\/logo\/image\/","url":"https:\/\/haithuangroup.com\/wp-content\/uploads\/Logo_Logo-Icon.svg","contentUrl":"https:\/\/haithuangroup.com\/wp-content\/uploads\/Logo_Logo-Icon.svg","caption":"H\u1ea2I THU\u1eacN GROUP"},"image":{"@id":"https:\/\/haithuangroup.com\/#\/schema\/logo\/image\/"}}]}},"_links":{"self":[{"href":"https:\/\/haithuangroup.com\/vi\/wp-json\/wp\/v2\/product\/1248","targetHints":{"allow":["GET"]}}],"collection":[{"href":"https:\/\/haithuangroup.com\/vi\/wp-json\/wp\/v2\/product"}],"about":[{"href":"https:\/\/haithuangroup.com\/vi\/wp-json\/wp\/v2\/types\/product"}],"replies":[{"embeddable":true,"href":"https:\/\/haithuangroup.com\/vi\/wp-json\/wp\/v2\/comments?post=1248"}],"wp:featuredmedia":[{"embeddable":true,"href":"https:\/\/haithuangroup.com\/vi\/wp-json\/wp\/v2\/media\/1250"}],"wp:attachment":[{"href":"https:\/\/haithuangroup.com\/vi\/wp-json\/wp\/v2\/media?parent=1248"}],"wp:term":[{"taxonomy":"product_brand","embeddable":true,"href":"https:\/\/haithuangroup.com\/vi\/wp-json\/wp\/v2\/product_brand?post=1248"},{"taxonomy":"product_cat","embeddable":true,"href":"https:\/\/haithuangroup.com\/vi\/wp-json\/wp\/v2\/product_cat?post=1248"},{"taxonomy":"product_tag","embeddable":true,"href":"https:\/\/haithuangroup.com\/vi\/wp-json\/wp\/v2\/product_tag?post=1248"}],"curies":[{"name":"wp","href":"https:\/\/api.w.org\/{rel}","templated":true}]}}